{"id":28,"date":"2019-10-08T09:49:55","date_gmt":"2019-10-08T09:49:55","guid":{"rendered":"http:\/\/federleichtinharmonie.de\/?page_id=28"},"modified":"2019-11-18T05:39:56","modified_gmt":"2019-11-18T05:39:56","slug":"kostenlos","status":"publish","type":"page","link":"https:\/\/federleichtinharmonie.de\/?page_id=28","title":{"rendered":"Kostenlos"},"content":{"rendered":"\n<p>Sch\u00f6n dass du da bist. Diese Meditation ist ein Geschenk f\u00fcr dich. Durch regelm\u00e4\u00dfiges in die Stille gehen, kann dein K\u00f6rper, dein Geist und deine Seele wieder zur Ruhe kommen.<br> Vielleicht ist es dein allererstes Mal, vielleicht konntest du mit dem Begriff Meditation auch noch gar nicht so viel anfangen. Dann sieh diese Meditation als Einladung, einmal wieder etwas Neues auszuprobieren. Schenke dir <br>100 % deiner Aufmerksamkeit und 100% deiner Pr\u00e4senz.<br><br>Lass uns beginnen. Finde zun\u00e4chst eine f\u00fcr dich stimmige bequeme Sitzposition.  Versuche deine Aufmerksamkeit auf dich und deinen K\u00f6rper zu lenken. Entspanne dich nun vom Scheitel bis zur Sohle. Sitze dabei Aufrecht mit entspannt h\u00e4ngenden Schultern. Richte dich dabei bitte zu deiner ganzen Gr\u00f6\u00dfe auf. Atme tief ein und lasse mit dem Ausatmen alle Anspannungen aus dir herausflie\u00dfen. Sp\u00fcre deine komplette Kopfhaut und lasse alle Anspannungen gehen. Auf diese Weise f\u00fchrst du die Meditation mit jedem weiteren K\u00f6rperteil durch. Wandere gedanklich \u00fcberall hin, entspanne und lass allen Ballast los.<br>Sp\u00fcre, f\u00fchle wie sich dein K\u00f6rper leichter und entspannter anf\u00fchlt.<br>Ich w\u00fcnsche dir eine wundervolle Meditation. <\/p>\n\n\n\n<p>Herzliche Gr\u00fc\u00dfe eure Nicole.<\/p>\n\n\n<!--[if lt IE 9]><script>document.createElement('audio');<\/script><![endif]-->\n<audio class=\"wp-audio-shortcode\" id=\"audio-28-1\" preload=\"none\" style=\"width: 100%;\" controls=\"controls\"><source type=\"audio\/mpeg\" src=\"https:\/\/federleichtinharmonie.de\/wp-content\/uploads\/2019\/10\/Heilsame-Regeneration.mp3?_=1\" \/><a href=\"https:\/\/federleichtinharmonie.de\/wp-content\/uploads\/2019\/10\/Heilsame-Regeneration.mp3\">https:\/\/federleichtinharmonie.de\/wp-content\/uploads\/2019\/10\/Heilsame-Regeneration.mp3<\/a><\/audio>\n\n\n\n<div style=\"height:100px\" aria-hidden=\"true\" class=\"wp-block-spacer\"><\/div>\n\n\n\n<html>\n\n<head>\n<meta http-equiv=Content-Type content=\"text\/html; charset=windows-1252\">\n<meta name=Generator content=\"Microsoft Word 15 (filtered)\">\n<style>\n<!--\n \/* Font Definitions *\/\n @font-face\n\t{font-family:\"Cambria Math\";\n\tpanose-1:2 4 5 3 5 4 6 3 2 4;}\n@font-face\n\t{font-family:Calibri;\n\tpanose-1:2 15 5 2 2 2 4 3 2 4;}\n \/* Style Definitions *\/\n p.MsoNormal, li.MsoNormal, div.MsoNormal\n\t{margin-top:0cm;\n\tmargin-right:0cm;\n\tmargin-bottom:8.0pt;\n\tmargin-left:0cm;\n\tline-height:107%;\n\tfont-size:11.0pt;\n\tfont-family:\"Calibri\",sans-serif;}\na:link, span.MsoHyperlink\n\t{color:#0563C1;\n\ttext-decoration:underline;}\na:visited, span.MsoHyperlinkFollowed\n\t{color:#954F72;\n\ttext-decoration:underline;}\n.MsoChpDefault\n\t{font-family:\"Calibri\",sans-serif;}\n.MsoPapDefault\n\t{margin-bottom:8.0pt;\n\tline-height:107%;}\n@page WordSection1\n\t{size:595.3pt 841.9pt;\n\tmargin:70.85pt 70.85pt 2.0cm 70.85pt;}\ndiv.WordSection1\n\t{page:WordSection1;}\n-->\n<\/style>\n\n<\/head>\n\n<body lang=DE link=\"#0563C1\" vlink=\"#954F72\">\n\n<div class=WordSection1>\n\n<p class=MsoNormal align=center style='text-align:center'><a\nhref=\"https:\/\/federleichtinharmonie.de\/?page_id=125\">Datenschutzerkl\u00e4rung<\/a>\u00a0\u00a0\u00a0\u00a0\u00a0\u00a0\u00a0\u00a0\u00a0\u00a0\u00a0\u00a0\u00a0\u00a0\u00a0\u00a0\u00a0 <a\nhref=\"https:\/\/federleichtinharmonie.de\/?page_id=216\">Impressum<\/a><\/p>\n\n<\/div>\n\n<\/body>\n\n<\/html>\n\n","protected":false},"excerpt":{"rendered":"<p>Sch\u00f6n dass du da bist. Diese Meditation ist ein Geschenk f\u00fcr dich. Durch regelm\u00e4\u00dfiges in die Stille gehen, kann dein K\u00f6rper, dein Geist und deine Seele wieder zur Ruhe kommen. Vielleicht ist es dein allererstes Mal, vielleicht konntest du mit dem Begriff Meditation auch noch gar nicht so viel anfangen&#8230;.<\/p>\n","protected":false},"author":1,"featured_media":0,"parent":0,"menu_order":0,"comment_status":"closed","ping_status":"closed","template":"templates\/full-width-page.php","meta":[],"yoast_head":"<!-- This site is optimized with the Yoast SEO plugin v17.9 - https:\/\/yoast.com\/wordpress\/plugins\/seo\/ -->\n<title>Kostenlos - Federleicht in Harmonie<\/title>\n<meta name=\"robots\" content=\"index, follow, max-snippet:-1, max-image-preview:large, max-video-preview:-1\" \/>\n<link rel=\"canonical\" href=\"https:\/\/federleichtinharmonie.de\/?page_id=28\" \/>\n<meta property=\"og:locale\" content=\"de_DE\" \/>\n<meta property=\"og:type\" content=\"article\" \/>\n<meta property=\"og:title\" content=\"Kostenlos - Federleicht in Harmonie\" \/>\n<meta property=\"og:description\" content=\"Sch\u00f6n dass du da bist. Diese Meditation ist ein Geschenk f\u00fcr dich. Durch regelm\u00e4\u00dfiges in die Stille gehen, kann dein K\u00f6rper, dein Geist und deine Seele wieder zur Ruhe kommen. Vielleicht ist es dein allererstes Mal, vielleicht konntest du mit dem Begriff Meditation auch noch gar nicht so viel anfangen....\" \/>\n<meta property=\"og:url\" content=\"https:\/\/federleichtinharmonie.de\/?page_id=28\" \/>\n<meta property=\"og:site_name\" content=\"Federleicht in Harmonie\" \/>\n<meta property=\"article:publisher\" content=\"https:\/\/www.facebook.com\/Federleichtinharmonie\/\" \/>\n<meta property=\"article:modified_time\" content=\"2019-11-18T05:39:56+00:00\" \/>\n<meta name=\"twitter:card\" content=\"summary_large_image\" \/>\n<meta name=\"twitter:label1\" content=\"Gesch\u00e4tzte Lesezeit\" \/>\n\t<meta name=\"twitter:data1\" content=\"1\u00a0Minute\" \/>\n<script type=\"application\/ld+json\" class=\"yoast-schema-graph\">{\"@context\":\"https:\/\/schema.org\",\"@graph\":[{\"@type\":\"WebSite\",\"@id\":\"https:\/\/federleichtinharmonie.de\/#website\",\"url\":\"https:\/\/federleichtinharmonie.de\/\",\"name\":\"Federleicht in Harmonie\",\"description\":\"\",\"potentialAction\":[{\"@type\":\"SearchAction\",\"target\":{\"@type\":\"EntryPoint\",\"urlTemplate\":\"https:\/\/federleichtinharmonie.de\/?s={search_term_string}\"},\"query-input\":\"required name=search_term_string\"}],\"inLanguage\":\"de\"},{\"@type\":\"WebPage\",\"@id\":\"https:\/\/federleichtinharmonie.de\/?page_id=28#webpage\",\"url\":\"https:\/\/federleichtinharmonie.de\/?page_id=28\",\"name\":\"Kostenlos - Federleicht in Harmonie\",\"isPartOf\":{\"@id\":\"https:\/\/federleichtinharmonie.de\/#website\"},\"datePublished\":\"2019-10-08T09:49:55+00:00\",\"dateModified\":\"2019-11-18T05:39:56+00:00\",\"breadcrumb\":{\"@id\":\"https:\/\/federleichtinharmonie.de\/?page_id=28#breadcrumb\"},\"inLanguage\":\"de\",\"potentialAction\":[{\"@type\":\"ReadAction\",\"target\":[\"https:\/\/federleichtinharmonie.de\/?page_id=28\"]}]},{\"@type\":\"BreadcrumbList\",\"@id\":\"https:\/\/federleichtinharmonie.de\/?page_id=28#breadcrumb\",\"itemListElement\":[{\"@type\":\"ListItem\",\"position\":1,\"name\":\"Startseite\",\"item\":\"https:\/\/federleichtinharmonie.de\/\"},{\"@type\":\"ListItem\",\"position\":2,\"name\":\"Kostenlos\"}]}]}<\/script>\n<!-- \/ Yoast SEO plugin. -->","yoast_head_json":{"title":"Kostenlos - Federleicht in Harmonie","robots":{"index":"index","follow":"follow","max-snippet":"max-snippet:-1","max-image-preview":"max-image-preview:large","max-video-preview":"max-video-preview:-1"},"canonical":"https:\/\/federleichtinharmonie.de\/?page_id=28","og_locale":"de_DE","og_type":"article","og_title":"Kostenlos - Federleicht in Harmonie","og_description":"Sch\u00f6n dass du da bist. Diese Meditation ist ein Geschenk f\u00fcr dich. Durch regelm\u00e4\u00dfiges in die Stille gehen, kann dein K\u00f6rper, dein Geist und deine Seele wieder zur Ruhe kommen. Vielleicht ist es dein allererstes Mal, vielleicht konntest du mit dem Begriff Meditation auch noch gar nicht so viel anfangen....","og_url":"https:\/\/federleichtinharmonie.de\/?page_id=28","og_site_name":"Federleicht in Harmonie","article_publisher":"https:\/\/www.facebook.com\/Federleichtinharmonie\/","article_modified_time":"2019-11-18T05:39:56+00:00","twitter_card":"summary_large_image","twitter_misc":{"Gesch\u00e4tzte Lesezeit":"1\u00a0Minute"},"schema":{"@context":"https:\/\/schema.org","@graph":[{"@type":"WebSite","@id":"https:\/\/federleichtinharmonie.de\/#website","url":"https:\/\/federleichtinharmonie.de\/","name":"Federleicht in Harmonie","description":"","potentialAction":[{"@type":"SearchAction","target":{"@type":"EntryPoint","urlTemplate":"https:\/\/federleichtinharmonie.de\/?s={search_term_string}"},"query-input":"required name=search_term_string"}],"inLanguage":"de"},{"@type":"WebPage","@id":"https:\/\/federleichtinharmonie.de\/?page_id=28#webpage","url":"https:\/\/federleichtinharmonie.de\/?page_id=28","name":"Kostenlos - Federleicht in Harmonie","isPartOf":{"@id":"https:\/\/federleichtinharmonie.de\/#website"},"datePublished":"2019-10-08T09:49:55+00:00","dateModified":"2019-11-18T05:39:56+00:00","breadcrumb":{"@id":"https:\/\/federleichtinharmonie.de\/?page_id=28#breadcrumb"},"inLanguage":"de","potentialAction":[{"@type":"ReadAction","target":["https:\/\/federleichtinharmonie.de\/?page_id=28"]}]},{"@type":"BreadcrumbList","@id":"https:\/\/federleichtinharmonie.de\/?page_id=28#breadcrumb","itemListElement":[{"@type":"ListItem","position":1,"name":"Startseite","item":"https:\/\/federleichtinharmonie.de\/"},{"@type":"ListItem","position":2,"name":"Kostenlos"}]}]}},"_links":{"self":[{"href":"https:\/\/federleichtinharmonie.de\/index.php?rest_route=\/wp\/v2\/pages\/28"}],"collection":[{"href":"https:\/\/federleichtinharmonie.de\/index.php?rest_route=\/wp\/v2\/pages"}],"about":[{"href":"https:\/\/federleichtinharmonie.de\/index.php?rest_route=\/wp\/v2\/types\/page"}],"author":[{"embeddable":true,"href":"https:\/\/federleichtinharmonie.de\/index.php?rest_route=\/wp\/v2\/users\/1"}],"replies":[{"embeddable":true,"href":"https:\/\/federleichtinharmonie.de\/index.php?rest_route=%2Fwp%2Fv2%2Fcomments&post=28"}],"version-history":[{"count":11,"href":"https:\/\/federleichtinharmonie.de\/index.php?rest_route=\/wp\/v2\/pages\/28\/revisions"}],"predecessor-version":[{"id":826,"href":"https:\/\/federleichtinharmonie.de\/index.php?rest_route=\/wp\/v2\/pages\/28\/revisions\/826"}],"wp:attachment":[{"href":"https:\/\/federleichtinharmonie.de\/index.php?rest_route=%2Fwp%2Fv2%2Fmedia&parent=28"}],"curies":[{"name":"wp","href":"https:\/\/api.w.org\/{rel}","templated":true}]}}